{"id":882,"date":"2022-03-16T09:54:29","date_gmt":"2022-03-16T08:54:29","guid":{"rendered":"https:\/\/up2digischool.eu\/?page_id=882"},"modified":"2022-06-15T13:20:15","modified_gmt":"2022-06-15T11:20:15","slug":"privatumo-pranesimas","status":"publish","type":"page","link":"https:\/\/up2digischool.eu\/pl\/privatumo-pranesimas\/","title":{"rendered":"Privatumo pranesimas"},"content":{"rendered":"<div data-elementor-type=\"wp-page\" data-elementor-id=\"882\" class=\"elementor elementor-882\" data-elementor-post-type=\"page\">\n\t\t\t\t\t\t<section class=\"elementor-section elementor-top-section elementor-element elementor-element-3bdde84 elementor-section-height-min-height elementor-section-boxed elementor-section-height-default elementor-section-items-middle\" data-id=\"3bdde84\" data-element_type=\"section\" data-e-type=\"section\" data-settings=\"{&quot;jet_parallax_layout_list&quot;:[],&quot;background_background&quot;:&quot;classic&quot;}\">\n\t\t\t\t\t\t<div class=\"elementor-container elementor-column-gap-default\">\n\t\t\t\t\t<div class=\"elementor-column elementor-col-100 elementor-top-column elementor-element elementor-element-e5adc65\" data-id=\"e5adc65\" data-element_type=\"column\" data-e-type=\"column\">\n\t\t\t<div class=\"elementor-widget-wrap elementor-element-populated\">\n\t\t\t\t\t\t<div class=\"elementor-element elementor-element-24c4a61 elementor-widget elementor-widget-heading\" data-id=\"24c4a61\" data-element_type=\"widget\" data-e-type=\"widget\" data-widget_type=\"heading.default\">\n\t\t\t\t<div class=\"elementor-widget-container\">\n\t\t\t\t\t<h1 class=\"elementor-heading-title elementor-size-default\">Privatumo <br>politika<\/h1>\t\t\t\t<\/div>\n\t\t\t\t<\/div>\n\t\t\t\t\t<\/div>\n\t\t<\/div>\n\t\t\t\t\t<\/div>\n\t\t<\/section>\n\t\t\t\t<section class=\"elementor-section elementor-top-section elementor-element elementor-element-8f11c00 elementor-section-boxed elementor-section-height-default elementor-section-height-default\" data-id=\"8f11c00\" data-element_type=\"section\" data-e-type=\"section\" data-settings=\"{&quot;jet_parallax_layout_list&quot;:[]}\">\n\t\t\t\t\t\t<div class=\"elementor-container elementor-column-gap-default\">\n\t\t\t\t\t<div class=\"elementor-column elementor-col-100 elementor-top-column elementor-element elementor-element-34cca1d\" data-id=\"34cca1d\" data-element_type=\"column\" data-e-type=\"column\">\n\t\t\t<div class=\"elementor-widget-wrap elementor-element-populated\">\n\t\t\t\t\t\t<div class=\"elementor-element elementor-element-f0ff9b8 elementor-widget elementor-widget-spacer\" data-id=\"f0ff9b8\" data-element_type=\"widget\" data-e-type=\"widget\" data-widget_type=\"spacer.default\">\n\t\t\t\t<div class=\"elementor-widget-container\">\n\t\t\t\t\t\t\t<div class=\"elementor-spacer\">\n\t\t\t<div class=\"elementor-spacer-inner\"><\/div>\n\t\t<\/div>\n\t\t\t\t\t\t<\/div>\n\t\t\t\t<\/div>\n\t\t\t\t<div class=\"elementor-element elementor-element-b73166f elementor-widget elementor-widget-heading\" data-id=\"b73166f\" data-element_type=\"widget\" data-e-type=\"widget\" data-widget_type=\"heading.default\">\n\t\t\t\t<div class=\"elementor-widget-container\">\n\t\t\t\t\t<h2 class=\"elementor-heading-title elementor-size-default\">Up2DigiSchool projekto apra\u0161ymas<\/h2>\t\t\t\t<\/div>\n\t\t\t\t<\/div>\n\t\t\t\t<div class=\"elementor-element elementor-element-7b51ac1 elementor-widget elementor-widget-text-editor\" data-id=\"7b51ac1\" data-element_type=\"widget\" data-e-type=\"widget\" data-widget_type=\"text-editor.default\">\n\t\t\t\t<div class=\"elementor-widget-container\">\n\t\t\t\t\t\t\t\t\t<p>Tarptautinis Up2DigiSchool projektas \u2013 \u201cAktyvios \u00a0skaitmeninio mokymo (si) priemon\u0117s, taikant projekto Up2U patirt\u012f \u201d yra finansuojamas ERASMUS+ l\u0117\u0161omis. Programos sutarties numeris \u00a02021-1-PL01-KA220-SCH-000027868. Projekto \u012fgyvendinimo trukm\u0117: 2022 vasario m\u0117n. \u2013 2025 vasario m\u0117n. Projekto metu bus parengta \u017einiatinklio mokymo programa (mokymosi scenarij\u0173 portalas, interneto svetain\u0117, ir kt.) \u00a0skirta mokytojams, edukatoriams, mokykl\u0173 vadovams ir mokiniams nuo 13 met\u0173. Norint pasiekti tyrimo tikslus, bus \u012fvairiai bendraujama su tiksline auditorija.<\/p>\t\t\t\t\t\t\t\t<\/div>\n\t\t\t\t<\/div>\n\t\t\t\t<div class=\"elementor-element elementor-element-4ecfcec elementor-widget elementor-widget-heading\" data-id=\"4ecfcec\" data-element_type=\"widget\" data-e-type=\"widget\" data-widget_type=\"heading.default\">\n\t\t\t\t<div class=\"elementor-widget-container\">\n\t\t\t\t\t<h2 class=\"elementor-heading-title elementor-size-default\">Privatumo politkos apimtis\n<\/h2>\t\t\t\t<\/div>\n\t\t\t\t<\/div>\n\t\t\t\t<div class=\"elementor-element elementor-element-137e3c9 elementor-widget elementor-widget-text-editor\" data-id=\"137e3c9\" data-element_type=\"widget\" data-e-type=\"widget\" data-widget_type=\"text-editor.default\">\n\t\t\t\t<div class=\"elementor-widget-container\">\n\t\t\t\t\t\t\t\t\t<p>Privatumo politika nustato privatumo s\u0105lygas ir kriterijus, kuriais vadovaujantis projekto metu bus renkami, apdorojami, saugomi ir perduodami asmeniniai duomenys. Privatumo politika garantuoja \u0161ios informacijos konfidencialum\u0105 ir bet kokio \u012fstatymo, susijusio su \u00a0bendruoju duomen\u0173 apsaugos reglamentu ( GDPR), \u012fgyvendinim\u0105 ar pri\u0117mim\u0105.<\/p>\t\t\t\t\t\t\t\t<\/div>\n\t\t\t\t<\/div>\n\t\t\t\t<div class=\"elementor-element elementor-element-6bc3050 elementor-widget elementor-widget-heading\" data-id=\"6bc3050\" data-element_type=\"widget\" data-e-type=\"widget\" data-widget_type=\"heading.default\">\n\t\t\t\t<div class=\"elementor-widget-container\">\n\t\t\t\t\t<h2 class=\"elementor-heading-title elementor-size-default\">Kokie asmens duomenys yra naudojami ir kokiems tikslams?<\/h2>\t\t\t\t<\/div>\n\t\t\t\t<\/div>\n\t\t\t\t<div class=\"elementor-element elementor-element-b9b80cc elementor-widget elementor-widget-text-editor\" data-id=\"b9b80cc\" data-element_type=\"widget\" data-e-type=\"widget\" data-widget_type=\"text-editor.default\">\n\t\t\t\t<div class=\"elementor-widget-container\">\n\t\t\t\t\t\t\t\t\t<p>Bus naudojami \u0161ie asmens duomenys:<\/p><ol><li><span style=\"font-size: 16px;\">siun\u010diant lai\u0161kus elektroniniu pa\u0161tu, siun\u010diant naujienlai\u0161kius, anketas.<br \/><\/span>a. vardas;<br \/>b. elektroninio pa\u0161to adresas;<br \/>c. pageidaujama kalba;<br \/>d. vaidmuo (mokytojas, mokinys.);<br \/>e. kam priklauso (mokyklai, institucijai).<\/li><li>kuriant ir tvarkant vartotojo profil\u012f\u00a0 m\u016bs\u0173 \u017einiatinklio mokymo programoje.<br \/>a. be auk\u0161\u010diau i\u0161vardint\u0173 asmens duomen\u0173 naudojami:<br \/>i. slapta\u017eodis, vartotojo vardas;<br \/>ii. profilio nuotrauka;<br \/>iii. mokymosi u\u017edaviniai ir kiti duomenys, kuriais dalinat\u0117s \u017einiatinklio mokymo programoje.<\/li><li>Programosprie\u017ei\u016brai ir saugumo tikslams.<br \/>a. slapukai;<br \/>b. IP adresas;<br \/>c. Prieigos data ir laikas;<br \/>d. Duomen\u0173 saugojimas.<\/li><\/ol><p>Atsisak\u0119 pateikti auk\u0161\u010diau min\u0117tus duomenis, negal\u0117site naudotis tam tikromis paslaugomis arba atlikti tam tikr\u0173 veiksm\u0173.<\/p>\t\t\t\t\t\t\t\t<\/div>\n\t\t\t\t<\/div>\n\t\t\t\t<div class=\"elementor-element elementor-element-9c429d4 elementor-widget elementor-widget-heading\" data-id=\"9c429d4\" data-element_type=\"widget\" data-e-type=\"widget\" data-widget_type=\"heading.default\">\n\t\t\t\t<div class=\"elementor-widget-container\">\n\t\t\t\t\t<h2 class=\"elementor-heading-title elementor-size-default\">Duomen\u0173 valdymas<\/h2>\t\t\t\t<\/div>\n\t\t\t\t<\/div>\n\t\t\t\t<div class=\"elementor-element elementor-element-d99e81f elementor-widget elementor-widget-text-editor\" data-id=\"d99e81f\" data-element_type=\"widget\" data-e-type=\"widget\" data-widget_type=\"text-editor.default\">\n\t\t\t\t<div class=\"elementor-widget-container\">\n\t\t\t\t\t\t\t\t\t<p>U\u017e duomen\u0173 apdorojim\u0105 atsakingi bendr\u0173 duomen\u0173 valdymo kontrolieriai\u00a0 i\u0161 skirting\u0173 Europos \u0161ali\u0173. Bendr\u0173 duomen\u0173 valdymo kontrolieriai ir j\u0173 kontaktai:<\/p><ol><li style=\"font-weight: 400;\" aria-level=\"1\"><span style=\"font-weight: 400;\">INSTYTUT CHEMII BIOORGANICZNEJ POLSKIEJ AKADEMII NAUK, Poznan Supercomputing and Networking Center, ul. Z. Noskowskiego 12-14, 61-704 Poznan, Poland (PSNC). Duomen\u0173 apsaugos kontaktinis asmuo: tel. +48 61 8582044, email: <\/span><a href=\"mailto:dpo@ibch.poznan.pl\"><span style=\"font-weight: 400;\">dpo@ibch.poznan.pl<\/span><\/a><\/li><li style=\"font-weight: 400;\" aria-level=\"1\"><span style=\"font-weight: 400;\">KAUNO TECHNOLOGIJOS UNIVERSITETAS, K Donelaicio 73 44249 Kaunas, Lithuania (KTU). Duomen\u0173 apsaugos kontaktinis asmuo: <\/span><a href=\"mailto:gytis.cibulskis@ktu.lt\"><span style=\"font-weight: 400;\">gytis.cibulskis@ktu.lt<\/span><\/a><span style=\"font-weight: 400;\">.\u00a0<\/span><\/li><li style=\"font-weight: 400;\" aria-level=\"1\"><span style=\"font-weight: 400;\">KAUNO RAJONO SVIETIMO CENTRAS, Saules str. 12 LT-50239 Kaunas, Lithuania (KRSC). Duomen\u0173 apsaugos kontaktinis asmuo: <\/span><a href=\"mailto:rasa.sasnauskiene@centras.krs.lt\">rasa.sasnauskiene@centras.krs.lt<\/a><\/li><li style=\"font-weight: 400;\" aria-level=\"1\"><span style=\"font-weight: 400;\">NATIONAL TECHNICAL UNIVERSITY OF ATHENS \u2013 NTUA, Heroon Polytechniou 9 Zographou Campus, 15780 Athina, Greece (NTUA). Duomen\u0173 apsaugos kontaktinis asmuo: <\/span><a href=\"mailto:mary@netmode.ntua.gr\"><span style=\"font-weight: 400;\">mary@netmode.ntua.gr<\/span><\/a><span style=\"font-weight: 400;\">\u00a0<\/span><\/li><li style=\"font-weight: 400;\" aria-level=\"1\"><span style=\"font-weight: 400;\">ELLINOGERMANIKI AGOGI SCHOLI PANAGEA SAVVA AE, Dimitriou Panagea Str 15351 Pallini, Greece (EA). Duomen\u0173 apsaugos kontaktinis asmuo: <a href=\"mailto:vagelis@ea.gr\">vagelis@ea.gr<\/a>\u00a0<\/span><\/li><li style=\"font-weight: 400;\" aria-level=\"1\"><span style=\"font-weight: 400;\">UNIVERSITA DEGLI STUDI DI ROMA LA SAPIENZA, Piazzale Aldo Moro 5, 00185 Roma, Italy (URoma). Duomen\u0173 apsaugos kontaktinis asmuo: <a class=\"external-link\" href=\"mailto:alessandro.filippetti@uniroma1.it\" target=\"_blank\" rel=\"nofollow noopener\">alessandro.filippetti@uniroma1.it<\/a>\u00a0<\/span><\/li><\/ol>\t\t\t\t\t\t\t\t<\/div>\n\t\t\t\t<\/div>\n\t\t\t\t<div class=\"elementor-element elementor-element-89eea25 elementor-widget elementor-widget-heading\" data-id=\"89eea25\" data-element_type=\"widget\" data-e-type=\"widget\" data-widget_type=\"heading.default\">\n\t\t\t\t<div class=\"elementor-widget-container\">\n\t\t\t\t\t<h2 class=\"elementor-heading-title elementor-size-default\">Teis\u0117tas asmens duomen\u0173 tvarkymas<\/h2>\t\t\t\t<\/div>\n\t\t\t\t<\/div>\n\t\t\t\t<div class=\"elementor-element elementor-element-1994c00 elementor-widget elementor-widget-text-editor\" data-id=\"1994c00\" data-element_type=\"widget\" data-e-type=\"widget\" data-widget_type=\"text-editor.default\">\n\t\t\t\t<div class=\"elementor-widget-container\">\n\t\t\t\t\t\t\t\t\t<p>Asmens duomen\u0173 tvarkymas:<\/p><ol><li>vyresni nei 16 met\u0173 \u2013 duomenys tvarkomi asmens sutikimu;<\/li><li>jaunesni nei 16 met\u0173 \u2013 duomenys tvarkomi t\u0117v\u0173 sutikimu.<\/li><\/ol><p>Asmens duomenys yra tvarkomi teis\u0117tu pagrindu suteikiant vartotojams technin\u0119 galimyb\u0119\u00a0 naudoti m\u016bs\u0173 interneto programas (vartotojas sutinka laisva valia), atlikti administravimo ir duomen\u0173 valdymo veiksmus, jeigu tai neprie\u0161tarauja esmin\u0117ms vartotojo (duomen\u0173 subjektas) teis\u0117ms, laisv\u0117msir interesams.<\/p>\t\t\t\t\t\t\t\t<\/div>\n\t\t\t\t<\/div>\n\t\t\t\t<div class=\"elementor-element elementor-element-fb3f228 elementor-widget elementor-widget-heading\" data-id=\"fb3f228\" data-element_type=\"widget\" data-e-type=\"widget\" data-widget_type=\"heading.default\">\n\t\t\t\t<div class=\"elementor-widget-container\">\n\t\t\t\t\t<h2 class=\"elementor-heading-title elementor-size-default\">Kada ir kaip dalinami asmens duomenys?<\/h2>\t\t\t\t<\/div>\n\t\t\t\t<\/div>\n\t\t\t\t<div class=\"elementor-element elementor-element-5a9fd21 elementor-widget elementor-widget-text-editor\" data-id=\"5a9fd21\" data-element_type=\"widget\" data-e-type=\"widget\" data-widget_type=\"text-editor.default\">\n\t\t\t\t<div class=\"elementor-widget-container\">\n\t\t\t\t\t\t\t\t\t<p>Esant reikalui, asmens duomenys gali b\u016bti pateikti tre\u010diosioms \u0161alims, kurios taip pat laikosi saugumo ir duomen\u0173 apsaugos reikalavim\u0173 siekiant u\u017etikrinti tinkam\u0105 asmens duomen\u0173 apsaug\u0105. Esanr reikalui, asmens duomenys gali b\u016bti pateikti ir tre\u010diai \u0161aliai, bet tik toms tre\u010diosioms \u0161alims, kurios taiko patvirtint\u0105 sertifikavimo mechanizm\u0105 arba standartinius teisinius duomen\u0173 apsaugos \u012fstatytmus. Dirbant su programomis asmens duomenys (vardas ir e.pa\u0161tas) bus prieinami kitiems vartotojams (pvz. vardas ir postai forumuose).<\/p>\t\t\t\t\t\t\t\t<\/div>\n\t\t\t\t<\/div>\n\t\t\t\t<div class=\"elementor-element elementor-element-230f1e2 elementor-widget elementor-widget-heading\" data-id=\"230f1e2\" data-element_type=\"widget\" data-e-type=\"widget\" data-widget_type=\"heading.default\">\n\t\t\t\t<div class=\"elementor-widget-container\">\n\t\t\t\t\t<h2 class=\"elementor-heading-title elementor-size-default\">Asmens duomen\u0173 saugojimas<\/h2>\t\t\t\t<\/div>\n\t\t\t\t<\/div>\n\t\t\t\t<div class=\"elementor-element elementor-element-d5218ea elementor-widget elementor-widget-text-editor\" data-id=\"d5218ea\" data-element_type=\"widget\" data-e-type=\"widget\" data-widget_type=\"text-editor.default\">\n\t\t\t\t<div class=\"elementor-widget-container\">\n\t\t\t\t\t\t\t\t\t<p>Asmens duomenys bus tvarkomi ma\u017eiausiai iki projekto pabaigos (2025 m. vasario m\u0117n), arba tol, kol baigsis interneto programos aptarnavimas( ma\u017eiausiai metai po projekto pabaigos). Pasibaigus \u0161iam laikotarpiui asmens duomenys bus anonimizuoti ir naudojami tik\u00a0 statistikos tikslais.<\/p>\t\t\t\t\t\t\t\t<\/div>\n\t\t\t\t<\/div>\n\t\t\t\t<div class=\"elementor-element elementor-element-a051f68 elementor-widget elementor-widget-heading\" data-id=\"a051f68\" data-element_type=\"widget\" data-e-type=\"widget\" data-widget_type=\"heading.default\">\n\t\t\t\t<div class=\"elementor-widget-container\">\n\t\t\t\t\t<h2 class=\"elementor-heading-title elementor-size-default\">Apsauga<\/h2>\t\t\t\t<\/div>\n\t\t\t\t<\/div>\n\t\t\t\t<div class=\"elementor-element elementor-element-8dd0c8f elementor-widget elementor-widget-text-editor\" data-id=\"8dd0c8f\" data-element_type=\"widget\" data-e-type=\"widget\" data-widget_type=\"text-editor.default\">\n\t\t\t\t<div class=\"elementor-widget-container\">\n\t\t\t\t\t\t\t\t\t<p>Asmens duomen\u0173 apsaugos priemon\u0117s:<\/p><p>a. tvarkom\u0173 asmens duomen\u0173 minimizavimas ir pseudonimizavimas;<br \/>b. daugiasluoksn\u0117s ugniasien\u0117snaudojimas siekiant u\u017ekirsti keli\u0105 \u012fsilau\u017e\u0117liams;<br \/><span style=\"font-size: 16px;\">c. prieigos prie asmens duomen\u0173 valdymas, ribojimas ir kontol\u0117;<br \/><\/span><span style=\"font-size: 16px;\">d. atsargini\u0173 kopij\u0173 programin\u0117 \u012franga;<br \/><\/span><span style=\"font-size: 16px;\">e. taikom\u0173 priemoni\u0173 efektyvumo reguliarus testavimas;<br \/><\/span><span style=\"font-size: 16px;\">f. \u0161ifravimo komunikacijos kanalai ir saugumas.<\/span><\/p>\t\t\t\t\t\t\t\t<\/div>\n\t\t\t\t<\/div>\n\t\t\t\t<div class=\"elementor-element elementor-element-0a758ef elementor-widget elementor-widget-heading\" data-id=\"0a758ef\" data-element_type=\"widget\" data-e-type=\"widget\" data-widget_type=\"heading.default\">\n\t\t\t\t<div class=\"elementor-widget-container\">\n\t\t\t\t\t<h2 class=\"elementor-heading-title elementor-size-default\">Teis\u0117s<\/h2>\t\t\t\t<\/div>\n\t\t\t\t<\/div>\n\t\t\t\t<div class=\"elementor-element elementor-element-d5b49a7 elementor-widget elementor-widget-text-editor\" data-id=\"d5b49a7\" data-element_type=\"widget\" data-e-type=\"widget\" data-widget_type=\"text-editor.default\">\n\t\t\t\t<div class=\"elementor-widget-container\">\n\t\t\t\t\t\t\t\t\t<p>J\u016bs turite teis\u0119:<\/p><ol><li>gauti prieig\u0105 prie savo duomen\u0173;<\/li><li>reikalauti i\u0161taisyti informacij\u0105;<\/li><li>panaikinti savo\/t\u0117v\u0173 your\/parental sutikim\u0105, jeigu \u00a0nepa\u017eeid\u017eia asmens duomen\u0173 tvarkymo teis\u0117tumo principo.<\/li><\/ol><p>\u0160ia teise galima pasinaudoti susisiekus su bet kuriuo i\u0161 septyni\u0173 bendr\u0173 duomen\u0173 valdymo konrolieri\u0173 (\u017er. \u201eDuomen\u0173 valdymas\u201d). Be to, galima pateikti skund\u0105 bet kuriai prie\u017ei\u016bros institucijai i\u0161 septyni\u0173 \u0161ali\u0173 (\u017er. \u201eDuomen\u0173 valdymas\u201d)\u201d.<\/p>\t\t\t\t\t\t\t\t<\/div>\n\t\t\t\t<\/div>\n\t\t\t\t<div class=\"elementor-element elementor-element-1032e51 elementor-widget elementor-widget-heading\" data-id=\"1032e51\" data-element_type=\"widget\" data-e-type=\"widget\" data-widget_type=\"heading.default\">\n\t\t\t\t<div class=\"elementor-widget-container\">\n\t\t\t\t\t<h2 class=\"elementor-heading-title elementor-size-default\">Privatumo politiko atnaujinimas<\/h2>\t\t\t\t<\/div>\n\t\t\t\t<\/div>\n\t\t\t\t<div class=\"elementor-element elementor-element-1745156 elementor-widget elementor-widget-text-editor\" data-id=\"1745156\" data-element_type=\"widget\" data-e-type=\"widget\" data-widget_type=\"text-editor.default\">\n\t\t\t\t<div class=\"elementor-widget-container\">\n\t\t\t\t\t\t\t\t\t<p>Privatumo politika gali b\u016bti per\u017ei\u016brima ir atnaujinama \u2013 tokiu b\u016bdu Privatumo politika vadinsis\u00a0 \u201cAtnaujinta (data)\u201d. Pradin\u0117\u00a0 \u0161io prane\u0161imo versija buvo sukurta 2022 m. vasario m\u0117n.<\/p>\t\t\t\t\t\t\t\t<\/div>\n\t\t\t\t<\/div>\n\t\t\t\t\t<\/div>\n\t\t<\/div>\n\t\t\t\t\t<\/div>\n\t\t<\/section>\n\t\t\t\t<section class=\"elementor-section elementor-top-section elementor-element elementor-element-eb1bfb4 elementor-section-boxed elementor-section-height-default elementor-section-height-default\" data-id=\"eb1bfb4\" data-element_type=\"section\" data-e-type=\"section\" data-settings=\"{&quot;jet_parallax_layout_list&quot;:[]}\">\n\t\t\t\t\t\t<div class=\"elementor-container elementor-column-gap-default\">\n\t\t\t\t\t<div class=\"elementor-column elementor-col-100 elementor-top-column elementor-element elementor-element-e55daaa\" data-id=\"e55daaa\" data-element_type=\"column\" data-e-type=\"column\">\n\t\t\t<div class=\"elementor-widget-wrap elementor-element-populated\">\n\t\t\t\t\t\t<div class=\"elementor-element elementor-element-fd0f2cb elementor-widget elementor-widget-spacer\" data-id=\"fd0f2cb\" data-element_type=\"widget\" data-e-type=\"widget\" data-widget_type=\"spacer.default\">\n\t\t\t\t<div class=\"elementor-widget-container\">\n\t\t\t\t\t\t\t<div class=\"elementor-spacer\">\n\t\t\t<div class=\"elementor-spacer-inner\"><\/div>\n\t\t<\/div>\n\t\t\t\t\t\t<\/div>\n\t\t\t\t<\/div>\n\t\t\t\t\t<\/div>\n\t\t<\/div>\n\t\t\t\t\t<\/div>\n\t\t<\/section>\n\t\t\t\t<\/div>","protected":false},"excerpt":{"rendered":"<p>Privatumo politika Up2DigiSchool projekto apra\u0161ymas Tarptautinis Up2DigiSchool projektas \u2013 \u201cAktyvios \u00a0skaitmeninio mokymo (si) priemon\u0117s, taikant projekto Up2U patirt\u012f \u201d yra finansuojamas ERASMUS+ l\u0117\u0161omis. Programos sutarties numeris \u00a02021-1-PL01-KA220-SCH-000027868. Projekto \u012fgyvendinimo trukm\u0117: 2022 vasario m\u0117n. \u2013 2025 vasario m\u0117n. Projekto metu bus parengta \u017einiatinklio mokymo programa (mokymosi scenarij\u0173 portalas, interneto svetain\u0117, ir kt.) \u00a0skirta mokytojams, edukatoriams, mokykl\u0173 &hellip;<\/p>\n<p class=\"read-more\"> <a class=\"\" href=\"https:\/\/up2digischool.eu\/pl\/privatumo-pranesimas\/\"> <span class=\"screen-reader-text\">Privatumo pranesimas<\/span> Read More &raquo;<\/a><\/p>","protected":false},"author":1,"featured_media":0,"parent":0,"menu_order":0,"comment_status":"closed","ping_status":"closed","template":"","meta":{"inline_featured_image":false,"site-sidebar-layout":"no-sidebar","site-content-layout":"page-builder","ast-main-header-display":"","ast-hfb-above-header-display":"","ast-hfb-below-header-display":"","ast-hfb-mobile-header-display":"","site-post-title":"disabled","ast-breadcrumbs-content":"","ast-featured-img":"disabled","footer-sml-layout":"","theme-transparent-header-meta":"","adv-header-id-meta":"","stick-header-meta":"","header-above-stick-meta":"","header-main-stick-meta":"","header-below-stick-meta":"","_jf_limit_responses":"","footnotes":""},"class_list":["post-882","page","type-page","status-publish","hentry"],"_links":{"self":[{"href":"https:\/\/up2digischool.eu\/pl\/wp-json\/wp\/v2\/pages\/882","targetHints":{"allow":["GET"]}}],"collection":[{"href":"https:\/\/up2digischool.eu\/pl\/wp-json\/wp\/v2\/pages"}],"about":[{"href":"https:\/\/up2digischool.eu\/pl\/wp-json\/wp\/v2\/types\/page"}],"author":[{"embeddable":true,"href":"https:\/\/up2digischool.eu\/pl\/wp-json\/wp\/v2\/users\/1"}],"replies":[{"embeddable":true,"href":"https:\/\/up2digischool.eu\/pl\/wp-json\/wp\/v2\/comments?post=882"}],"version-history":[{"count":25,"href":"https:\/\/up2digischool.eu\/pl\/wp-json\/wp\/v2\/pages\/882\/revisions"}],"predecessor-version":[{"id":1091,"href":"https:\/\/up2digischool.eu\/pl\/wp-json\/wp\/v2\/pages\/882\/revisions\/1091"}],"wp:attachment":[{"href":"https:\/\/up2digischool.eu\/pl\/wp-json\/wp\/v2\/media?parent=882"}],"curies":[{"name":"wp","href":"https:\/\/api.w.org\/{rel}","templated":true}]}}