{"id":329,"date":"2022-02-28T10:49:31","date_gmt":"2022-02-28T09:49:31","guid":{"rendered":"https:\/\/up2digischool.eu\/?page_id=329"},"modified":"2025-07-21T13:58:26","modified_gmt":"2025-07-21T11:58:26","slug":"privacy-policy","status":"publish","type":"page","link":"https:\/\/up2digischool.eu\/pl\/privacy-policy\/","title":{"rendered":"Privacy policy"},"content":{"rendered":"<div data-elementor-type=\"wp-page\" data-elementor-id=\"329\" class=\"elementor elementor-329\" data-elementor-post-type=\"page\">\n\t\t\t\t<div class=\"elementor-element elementor-element-d5def82 e-con-full e-flex e-con e-parent\" data-id=\"d5def82\" data-element_type=\"container\" data-e-type=\"container\" data-settings=\"{&quot;jet_parallax_layout_list&quot;:[],&quot;background_background&quot;:&quot;classic&quot;}\">\n\t\t<div class=\"elementor-element elementor-element-70f7293 e-flex e-con-boxed e-con e-child\" data-id=\"70f7293\" data-element_type=\"container\" data-e-type=\"container\" data-settings=\"{&quot;jet_parallax_layout_list&quot;:[]}\">\n\t\t\t\t\t<div class=\"e-con-inner\">\n\t\t\t\t<div class=\"elementor-element elementor-element-ef148c9 elementor-widget elementor-widget-heading\" data-id=\"ef148c9\" data-element_type=\"widget\" data-e-type=\"widget\" data-widget_type=\"heading.default\">\n\t\t\t\t<div class=\"elementor-widget-container\">\n\t\t\t\t\t<p class=\"elementor-heading-title elementor-size-default\">Polityka Prywatno\u015bci<\/p>\t\t\t\t<\/div>\n\t\t\t\t<\/div>\n\t\t\t\t\t<\/div>\n\t\t\t\t<\/div>\n\t\t\t\t<\/div>\n\t\t<div class=\"elementor-element elementor-element-d93f146 e-flex e-con-boxed e-con e-parent\" data-id=\"d93f146\" data-element_type=\"container\" data-e-type=\"container\" data-settings=\"{&quot;jet_parallax_layout_list&quot;:[]}\">\n\t\t\t\t\t<div class=\"e-con-inner\">\n\t\t<div class=\"elementor-element elementor-element-4943fea e-flex e-con-boxed e-con e-child\" data-id=\"4943fea\" data-element_type=\"container\" data-e-type=\"container\" data-settings=\"{&quot;jet_parallax_layout_list&quot;:[]}\">\n\t\t\t\t\t<div class=\"e-con-inner\">\n\t\t\t\t<div class=\"elementor-element elementor-element-ca96c0b elementor-widget elementor-widget-spacer\" data-id=\"ca96c0b\" data-element_type=\"widget\" data-e-type=\"widget\" data-widget_type=\"spacer.default\">\n\t\t\t\t<div class=\"elementor-widget-container\">\n\t\t\t\t\t\t\t<div class=\"elementor-spacer\">\n\t\t\t<div class=\"elementor-spacer-inner\"><\/div>\n\t\t<\/div>\n\t\t\t\t\t\t<\/div>\n\t\t\t\t<\/div>\n\t\t\t\t<div class=\"elementor-element elementor-element-36034f6 elementor-widget elementor-widget-heading\" data-id=\"36034f6\" data-element_type=\"widget\" data-e-type=\"widget\" data-widget_type=\"heading.default\">\n\t\t\t\t<div class=\"elementor-widget-container\">\n\t\t\t\t\t<h2 class=\"elementor-heading-title elementor-size-default\">Opis projektu Up2DigiSchool<\/h2>\t\t\t\t<\/div>\n\t\t\t\t<\/div>\n\t\t\t\t<div class=\"elementor-element elementor-element-9fceacc elementor-widget elementor-widget-text-editor\" data-id=\"9fceacc\" data-element_type=\"widget\" data-e-type=\"widget\" data-widget_type=\"text-editor.default\">\n\t\t\t\t<div class=\"elementor-widget-container\">\n\t\t\t\t\t\t\t\t\t<p>Mi\u0119dzynarodowy projekt Up2DigiSchool - \u201cRealne podej\u015bcie pedagogiczne do cyfrowej edukacji szkolnej na podstawie do\u015bwiadcze\u0144 Up2U\u201d jest finansowany z programu ERASMUS+ na podstawie umowy nr 2021-1-PL01-KA220-SCH-000027868. Projekt b\u0119dzie realizowany w okresie od lutego 2022 r. do lutego 2025 r.<br \/>Projekt dostarcza aplikacje internetowe (takie jak portal scenariuszy zaj\u0119\u0107, strona internetowa i inne), przeznaczone g\u0142\u00f3wnie dla nauczycieli, edukator\u00f3w, dyrektor\u00f3w szk\u00f3\u0142 i uczni\u00f3w w wieku od 13 lat. Projekt komunikuje si\u0119 r\u00f3wnie\u017c z tymi grupami docelowymi na r\u00f3\u017cne sposoby, aby osi\u0105gn\u0105\u0107 swoje cele badawcze.<\/p>\t\t\t\t\t\t\t\t<\/div>\n\t\t\t\t<\/div>\n\t\t\t\t<div class=\"elementor-element elementor-element-ac67540 elementor-widget elementor-widget-heading\" data-id=\"ac67540\" data-element_type=\"widget\" data-e-type=\"widget\" data-widget_type=\"heading.default\">\n\t\t\t\t<div class=\"elementor-widget-container\">\n\t\t\t\t\t<h2 class=\"elementor-heading-title elementor-size-default\">Zakres niniejszej Polityki Prywatno\u015bci\n<\/h2>\t\t\t\t<\/div>\n\t\t\t\t<\/div>\n\t\t\t\t<div class=\"elementor-element elementor-element-b737390 elementor-widget elementor-widget-text-editor\" data-id=\"b737390\" data-element_type=\"widget\" data-e-type=\"widget\" data-widget_type=\"text-editor.default\">\n\t\t\t\t<div class=\"elementor-widget-container\">\n\t\t\t\t\t\t\t\t\t<p>Niniejsza Polityka Prywatno\u015bci okre\u015bla kryteria i warunki, na jakich projekt Up2DigiSchool gromadzi, przetwarza, przechowuje i przekazuje Twoje dane osobowe, w jaki spos\u00f3b zapewniona jest poufno\u015b\u0107 tych informacji, a tak\u017ce wszelkie ustawy i\/lub rozporz\u0105dzenia wdro\u017cone lub uchwalone zgodnie z RODO (Og\u00f3lne Rozporz\u0105dzenie o Ochronie Danych Osobowych).<\/p>\t\t\t\t\t\t\t\t<\/div>\n\t\t\t\t<\/div>\n\t\t\t\t<div class=\"elementor-element elementor-element-949e5d1 elementor-widget elementor-widget-heading\" data-id=\"949e5d1\" data-element_type=\"widget\" data-e-type=\"widget\" data-widget_type=\"heading.default\">\n\t\t\t\t<div class=\"elementor-widget-container\">\n\t\t\t\t\t<h2 class=\"elementor-heading-title elementor-size-default\">Jakie dane osobowe przetwarzamy i w jakim celu?<\/h2>\t\t\t\t<\/div>\n\t\t\t\t<\/div>\n\t\t\t\t<div class=\"elementor-element elementor-element-37c4222 elementor-widget elementor-widget-text-editor\" data-id=\"37c4222\" data-element_type=\"widget\" data-e-type=\"widget\" data-widget_type=\"text-editor.default\">\n\t\t\t\t<div class=\"elementor-widget-container\">\n\t\t\t\t\t\t\t\t\t<p>Przetwarzamy nast\u0119puj\u0105ce dane osobowe:<\/p><p><span style=\"font-style: inherit; font-weight: inherit; color: var( --e-global-color-247d036 ); font-family: var( --e-global-typography-b5ce617-font-family ), Sans-serif; letter-spacing: var( --e-global-typography-b5ce617-letter-spacing ); word-spacing: var( --e-global-typography-b5ce617-word-spacing );\">1. w celu komunikowania si\u0119 za po\u015brednictwem poczty elektronicznej, biuletyn\u00f3w, kwestionariuszy itp.<br \/><\/span><span style=\"color: var( --e-global-color-247d036 ); font-family: var( --e-global-typography-b5ce617-font-family ), Sans-serif; font-style: inherit; font-weight: inherit; letter-spacing: var( --e-global-typography-b5ce617-letter-spacing ); word-spacing: var( --e-global-typography-b5ce617-word-spacing );\">a. imi\u0119 i nazwisko;<\/span><span style=\"font-style: inherit; font-weight: inherit; color: var( --e-global-color-247d036 ); font-family: var( --e-global-typography-b5ce617-font-family ), Sans-serif; letter-spacing: var( --e-global-typography-b5ce617-letter-spacing ); word-spacing: var( --e-global-typography-b5ce617-word-spacing );\"><br \/><\/span><span style=\"color: var( --e-global-color-247d036 ); font-family: var( --e-global-typography-b5ce617-font-family ), Sans-serif; font-style: inherit; font-weight: inherit; letter-spacing: var( --e-global-typography-b5ce617-letter-spacing ); word-spacing: var( --e-global-typography-b5ce617-word-spacing );\">b. adres e-mail;<\/span><span style=\"font-style: inherit; font-weight: inherit; color: var( --e-global-color-247d036 ); font-family: var( --e-global-typography-b5ce617-font-family ), Sans-serif; letter-spacing: var( --e-global-typography-b5ce617-letter-spacing ); word-spacing: var( --e-global-typography-b5ce617-word-spacing );\"><br \/><\/span><span style=\"color: var( --e-global-color-247d036 ); font-family: var( --e-global-typography-b5ce617-font-family ), Sans-serif; font-style: inherit; font-weight: inherit; letter-spacing: var( --e-global-typography-b5ce617-letter-spacing ); word-spacing: var( --e-global-typography-b5ce617-word-spacing );\">c. preferowany j\u0119zyk;<\/span><span style=\"font-style: inherit; font-weight: inherit; color: var( --e-global-color-247d036 ); font-family: var( --e-global-typography-b5ce617-font-family ), Sans-serif; letter-spacing: var( --e-global-typography-b5ce617-letter-spacing ); word-spacing: var( --e-global-typography-b5ce617-word-spacing );\"><br \/><\/span><span style=\"color: var( --e-global-color-247d036 ); font-family: var( --e-global-typography-b5ce617-font-family ), Sans-serif; font-style: inherit; font-weight: inherit; letter-spacing: var( --e-global-typography-b5ce617-letter-spacing ); word-spacing: var( --e-global-typography-b5ce617-word-spacing );\">d. rola (taka jak nauczyciel, ucze\u0144, itp.);<\/span><span style=\"font-style: inherit; font-weight: inherit; color: var( --e-global-color-247d036 ); font-family: var( --e-global-typography-b5ce617-font-family ), Sans-serif; letter-spacing: var( --e-global-typography-b5ce617-letter-spacing ); word-spacing: var( --e-global-typography-b5ce617-word-spacing );\"><br \/><\/span><span style=\"color: var( --e-global-color-247d036 ); font-family: var( --e-global-typography-b5ce617-font-family ), Sans-serif; font-style: inherit; font-weight: inherit; letter-spacing: var( --e-global-typography-b5ce617-letter-spacing ); word-spacing: var( --e-global-typography-b5ce617-word-spacing );\">e. afiliacja (szko\u0142a, instytucja, itp.).<\/span><span style=\"font-style: inherit; font-weight: inherit; color: var( --e-global-color-247d036 ); font-family: var( --e-global-typography-b5ce617-font-family ), Sans-serif; letter-spacing: var( --e-global-typography-b5ce617-letter-spacing ); word-spacing: var( --e-global-typography-b5ce617-word-spacing );\"><br \/><\/span><\/p><p><span style=\"font-style: inherit; font-weight: inherit; color: var( --e-global-color-247d036 ); font-family: var( --e-global-typography-b5ce617-font-family ), Sans-serif; letter-spacing: var( --e-global-typography-b5ce617-letter-spacing ); word-spacing: var( --e-global-typography-b5ce617-word-spacing );\">2. w celu utworzenia i utrzymywania profilu u\u017cytkownika w naszych aplikacjach internetowych<br \/>a. dane jak powy\u017cej oraz:<br \/>i. nick, nazw\u0119 u\u017cytkownika;<br \/>ii. zdj\u0119cie profilowe;<br \/>iii. wyniki uczenia si\u0119 i inne dane, kt\u00f3re u\u017cytkownik zdecyduje si\u0119 udost\u0119pni\u0107 za po\u015brednictwem naszych aplikacji internetowych.<\/span><\/p><p><span style=\"font-style: inherit; font-weight: inherit; color: var( --e-global-color-247d036 ); font-family: var( --e-global-typography-b5ce617-font-family ), Sans-serif; letter-spacing: var( --e-global-typography-b5ce617-letter-spacing ); word-spacing: var( --e-global-typography-b5ce617-word-spacing );\">3. w celu konserwacji aplikacji i ze wzgl\u0119d\u00f3w bezpiecze\u0144stwa<br \/>a. pliki cookie;<br \/>b. adres IP;<br \/>c. data i godzina dost\u0119pu;<br \/>d. zapis (log) dzia\u0142a\u0144 podejmowanych w ramach aplikacji.<\/span><\/p><p><span style=\"font-style: inherit; font-weight: inherit; color: var( --e-global-color-247d036 ); font-family: var( --e-global-typography-b5ce617-font-family ), Sans-serif; letter-spacing: var( --e-global-typography-b5ce617-letter-spacing ); word-spacing: var( --e-global-typography-b5ce617-word-spacing );\">Podanie powy\u017cszych informacji jest konieczne i je\u015bli u\u017cytkownik zdecyduje si\u0119 nie podawa\u0107 pewnych informacji, mo\u017ce nie by\u0107 w stanie korzysta\u0107 z niekt\u00f3rych us\u0142ug lub uczestniczy\u0107 w niekt\u00f3rych dzia\u0142aniach. <\/span><\/p>\t\t\t\t\t\t\t\t<\/div>\n\t\t\t\t<\/div>\n\t\t\t\t<div class=\"elementor-element elementor-element-15e2e56 elementor-widget elementor-widget-heading\" data-id=\"15e2e56\" data-element_type=\"widget\" data-e-type=\"widget\" data-widget_type=\"heading.default\">\n\t\t\t\t<div class=\"elementor-widget-container\">\n\t\t\t\t\t<h2 class=\"elementor-heading-title elementor-size-default\">Administrator danych<\/h2>\t\t\t\t<\/div>\n\t\t\t\t<\/div>\n\t\t\t\t<div class=\"elementor-element elementor-element-30a3022 elementor-widget elementor-widget-text-editor\" data-id=\"30a3022\" data-element_type=\"widget\" data-e-type=\"widget\" data-widget_type=\"text-editor.default\">\n\t\t\t\t<div class=\"elementor-widget-container\">\n\t\t\t\t\t\t\t\t\t<p><span style=\"font-weight: 400;\">Cel i sposoby przetwarzania danych osobowych s\u0105 okre\u015blane przez wsp\u00f3\u0142administrator\u00f3w danych z r\u00f3\u017cnych kraj\u00f3w europejskich. Ka\u017cdy administrator danych wskaza\u0142 sw\u00f3j punkt kontaktowy.\u00a0<\/span><span style=\"font-style: inherit; color: var( --e-global-color-247d036 ); font-family: var( --e-global-typography-b5ce617-font-family ), Sans-serif; letter-spacing: var( --e-global-typography-b5ce617-letter-spacing ); word-spacing: var( --e-global-typography-b5ce617-word-spacing );\">Wsp\u00f3\u0142administratorzy danych i ich punkty kontaktowe s\u0105 nast\u0119puj\u0105ce:<\/span><\/p><ol><li style=\"font-weight: 400;\" aria-level=\"1\"><span style=\"font-weight: 400;\">INSTYTUT CHEMII BIOORGANICZNEJ POLSKIEJ AKADEMII NAUK, Pozna\u0144skie Centrum Superkomputerowo-Sieciowe, ul. Z. Noskowskiego 12-14, 61-704 Pozna\u0144, Polska (PCSS). Kontakt do inspektora ochrony danych: tel. +48 61 8582044, email: <\/span><a href=\"mailto:dpo@ibch.poznan.pl\"><span style=\"font-weight: 400;\">dpo@ibch.poznan.pl<\/span><\/a><\/li><li style=\"font-weight: 400;\" aria-level=\"1\"><span style=\"font-weight: 400;\">UNIWERSYTET TECHNICZNY W KOWNIE, K Donelaicio 73 44249 Kowno, Litwa (KTU). Kontakt do inspektora ochrony danych: <\/span><a href=\"mailto:gytis.cibulskis@ktu.lt\"><span style=\"font-weight: 400;\">gytis.cibulskis@ktu.lt<\/span><\/a><span style=\"font-weight: 400;\">.\u00a0<\/span><\/li><li style=\"font-weight: 400;\" aria-level=\"1\"><span style=\"font-weight: 400;\">KAUNO RAJONO SVIETIMO CENTRAS, Saules str. 12 LT-50239 Kaunas, Lithuania (KRSC). Contact to the data protection officer: rasa.sasnauskiene@centras.krs.lt\u00a0<\/span><\/li><li style=\"font-weight: 400;\" aria-level=\"1\"><span style=\"font-weight: 400;\">NARODOWY UNIWERSYTET TECHNICZNY W ATENACH \u2013 NTUA, Heroon Polytechniou 9 Zographou Campus, 15780 Ateny, Grecja (NTUA). Kontakt do inspektora ochrony danych: <\/span><a href=\"mailto:mary@netmode.ntua.gr\"><span style=\"font-weight: 400;\">mary@netmode.ntua.gr<\/span><\/a><span style=\"font-weight: 400;\">\u00a0<\/span><\/li><li style=\"font-weight: 400;\" aria-level=\"1\"><span style=\"font-weight: 400;\">ELLINOGERMANIKI AGOGI SCHOLI PANAGEA SAVVA AE, Dimitriou Panagea Str 15351 Pallini, Grecja (EA). Kontakt do inspektora ochrony danych: <a href=\"mailto:vagelis@ea.gr\">vagelis@ea.gr<\/a>\u00a0<\/span><\/li><li style=\"font-weight: 400;\" aria-level=\"1\"><span style=\"font-weight: 400;\">UNIWERSYTET RZYMSKI LA SAPIENZA, Piazzale Aldo Moro 5, 00185 Rzym, W\u0142ochy (URoma). Kontakt do inspektora ochrony danych: <a class=\"external-link\" href=\"mailto:alessandro.filippetti@uniroma1.it\" target=\"_blank\" rel=\"nofollow noopener\">alessandro.filippetti@uniroma1.it<\/a>\u00a0<\/span><\/li><\/ol>\t\t\t\t\t\t\t\t<\/div>\n\t\t\t\t<\/div>\n\t\t\t\t<div class=\"elementor-element elementor-element-a675f30 elementor-widget elementor-widget-heading\" data-id=\"a675f30\" data-element_type=\"widget\" data-e-type=\"widget\" data-widget_type=\"heading.default\">\n\t\t\t\t<div class=\"elementor-widget-container\">\n\t\t\t\t\t<h2 class=\"elementor-heading-title elementor-size-default\">Podstawa prawna<\/h2>\t\t\t\t<\/div>\n\t\t\t\t<\/div>\n\t\t\t\t<div class=\"elementor-element elementor-element-e8254ef elementor-widget elementor-widget-text-editor\" data-id=\"e8254ef\" data-element_type=\"widget\" data-e-type=\"widget\" data-widget_type=\"text-editor.default\">\n\t\t\t\t<div class=\"elementor-widget-container\">\n\t\t\t\t\t\t\t\t\t<p><span style=\"font-weight: 400;\">Twoje dane osobowe b\u0119d\u0105 przetwarzane na podstawie:<\/span><\/p><ol><li style=\"font-weight: 400;\" aria-level=\"1\"><span style=\"font-weight: 400;\">je\u015bli masz uko\u0144czone 16 lat \u2013 Twojej zgody;<\/span><\/li><li style=\"font-weight: 400;\" aria-level=\"1\"><span style=\"font-weight: 400;\">je\u015bli nie uko\u0144czy\u0142e\u015b 16 lat \u2013 zgody udzielonej przez osob\u0119 sprawuj\u0105c\u0105 nad Tob\u0105 w\u0142adz\u0119 rodzicielsk\u0105.<\/span><\/li><\/ol><p><span style=\"font-weight: 400;\">Dodatkowo przetwarzamy Twoje dane osobowe na podstawie uzasadnionego interesu polegaj\u0105cego na udost\u0119pnieniu u\u017cytkownikom rozwi\u0105zania technicznego umo\u017cliwiaj\u0105cego korzystanie z naszych aplikacji internetowych (na podstawie dobrowolnej decyzji ka\u017cdego u\u017cytkownika), a tak\u017ce administracji i bezpiecze\u0144stwa aplikacji, co nie jest nadrz\u0119dne wobec interes\u00f3w lub podstawowych praw i wolno\u015bci u\u017cytkownika (osoby, kt\u00f3rej dane dotycz\u0105).<\/span><\/p>\t\t\t\t\t\t\t\t<\/div>\n\t\t\t\t<\/div>\n\t\t\t\t<div class=\"elementor-element elementor-element-d3517b3 elementor-widget elementor-widget-heading\" data-id=\"d3517b3\" data-element_type=\"widget\" data-e-type=\"widget\" data-widget_type=\"heading.default\">\n\t\t\t\t<div class=\"elementor-widget-container\">\n\t\t\t\t\t<h2 class=\"elementor-heading-title elementor-size-default\">Kiedy i jak udost\u0119pniamy dane osobowe?<\/h2>\t\t\t\t<\/div>\n\t\t\t\t<\/div>\n\t\t\t\t<div class=\"elementor-element elementor-element-2f0a002 elementor-widget elementor-widget-text-editor\" data-id=\"2f0a002\" data-element_type=\"widget\" data-e-type=\"widget\" data-widget_type=\"text-editor.default\">\n\t\t\t\t<div class=\"elementor-widget-container\">\n\t\t\t\t\t\t\t\t\t<p><span style=\"font-weight: 400;\">W razie potrzeby Twoje dane osobowe b\u0119d\u0105 udost\u0119pniane stronom trzecim, kt\u00f3re stosuj\u0105 te same praktyki i wdro\u017cy\u0142y wymogi bezpiecze\u0144stwa i ochrony danych, aby zapewni\u0107 odpowiedni\u0105 ochron\u0119 Twoich danych osobowych. Twoje dane osobowe, w razie potrzeby, mog\u0105 by\u0107 r\u00f3wnie\u017c przekazane do pa\u0144stwa trzeciego, ale tylko do podmiot\u00f3w trzecich, kt\u00f3re wdro\u017c\u0105 odpowiednie zabezpieczenia, takie jak zatwierdzone mechanizmy certyfikacji lub standardowe klauzule ochrony danych.\u00a0<\/span><span style=\"font-style: inherit; color: var( --e-global-color-247d036 ); font-family: var( --e-global-typography-b5ce617-font-family ), Sans-serif; letter-spacing: var( --e-global-typography-b5ce617-letter-spacing ); word-spacing: var( --e-global-typography-b5ce617-word-spacing );\">Ze wzgl\u0119du na charakter u\u017cywanych aplikacji niekt\u00f3re dane (imi\u0119 i nazwisko, adres e-mail) mog\u0105 by\u0107 widoczne dla innych u\u017cytkownik\u00f3w aplikacji (np. imi\u0119 i nazwisko oraz posty na forum).<\/span><\/p>\t\t\t\t\t\t\t\t<\/div>\n\t\t\t\t<\/div>\n\t\t\t\t<div class=\"elementor-element elementor-element-2a7201a elementor-widget elementor-widget-heading\" data-id=\"2a7201a\" data-element_type=\"widget\" data-e-type=\"widget\" data-widget_type=\"heading.default\">\n\t\t\t\t<div class=\"elementor-widget-container\">\n\t\t\t\t\t<h2 class=\"elementor-heading-title elementor-size-default\">Przechowywanie danych osobowych<\/h2>\t\t\t\t<\/div>\n\t\t\t\t<\/div>\n\t\t\t\t<div class=\"elementor-element elementor-element-bc56637 elementor-widget elementor-widget-text-editor\" data-id=\"bc56637\" data-element_type=\"widget\" data-e-type=\"widget\" data-widget_type=\"text-editor.default\">\n\t\t\t\t<div class=\"elementor-widget-container\">\n\t\t\t\t\t\t\t\t\t<p><span style=\"font-weight: 400;\">Twoje dane osobowe b\u0119d\u0105 przetwarzane co najmniej do zako\u0144czenia projektu (obecnie planowanego na luty 2025) lub do czasu \u015bwiadczenia us\u0142ug aplikacji webowych (obecnie planowane co najmniej rok od zako\u0144czenia projektu). Po tym okresie Twoje dane osobowe zostan\u0105 zanonimizowane i wykorzystywane wy\u0142\u0105cznie do cel\u00f3w statystycznych.<\/span><\/p>\t\t\t\t\t\t\t\t<\/div>\n\t\t\t\t<\/div>\n\t\t\t\t<div class=\"elementor-element elementor-element-5d33399 elementor-widget elementor-widget-heading\" data-id=\"5d33399\" data-element_type=\"widget\" data-e-type=\"widget\" data-widget_type=\"heading.default\">\n\t\t\t\t<div class=\"elementor-widget-container\">\n\t\t\t\t\t<h2 class=\"elementor-heading-title elementor-size-default\">Bezpiecze\u0144stwo<\/h2>\t\t\t\t<\/div>\n\t\t\t\t<\/div>\n\t\t\t\t<div class=\"elementor-element elementor-element-7714ad2 elementor-widget elementor-widget-text-editor\" data-id=\"7714ad2\" data-element_type=\"widget\" data-e-type=\"widget\" data-widget_type=\"text-editor.default\">\n\t\t\t\t<div class=\"elementor-widget-container\">\n\t\t\t\t\t\t\t\t\t<p><span style=\"font-weight: 400;\">Aby zapewni\u0107 bezpiecze\u0144stwo Twoich danych osobowych, stosujemy nast\u0119puj\u0105ce \u015brodki:<\/span><\/p><ol><li style=\"font-weight: 400;\" aria-level=\"1\"><span style=\"font-weight: 400;\">minimalizacja i pseudonimizacja gromadzonych przez nas danych osobowych;<\/span><\/li><li style=\"font-weight: 400;\" aria-level=\"1\"><span style=\"font-weight: 400;\">wielowarstwowe zapory ogniowe w celu unikni\u0119cia nieautoryzowanego dost\u0119pu z zewn\u0105trz;<\/span><\/li><li style=\"font-weight: 400;\" aria-level=\"1\"><span style=\"font-weight: 400;\">zarz\u0105dzanie, ograniczanie i kontrolowanie dost\u0119pu do danych osobowych;<\/span><\/li><li style=\"font-weight: 400;\" aria-level=\"1\"><span style=\"font-weight: 400;\">kopia zapasowa i redundancja;<\/span><\/li><li style=\"font-weight: 400;\" aria-level=\"1\"><span style=\"font-weight: 400;\">regularne testowanie skuteczno\u015bci wdro\u017conych \u015brodk\u00f3w;<\/span><\/li><li style=\"font-weight: 400;\" aria-level=\"1\"><span style=\"font-weight: 400;\">bezpiecze\u0144stwo i szyfrowane kana\u0142y komunikacji.<\/span><\/li><\/ol>\t\t\t\t\t\t\t\t<\/div>\n\t\t\t\t<\/div>\n\t\t\t\t<div class=\"elementor-element elementor-element-37a2ee3 elementor-widget elementor-widget-heading\" data-id=\"37a2ee3\" data-element_type=\"widget\" data-e-type=\"widget\" data-widget_type=\"heading.default\">\n\t\t\t\t<div class=\"elementor-widget-container\">\n\t\t\t\t\t<h2 class=\"elementor-heading-title elementor-size-default\">Twoje prawa<\/h2>\t\t\t\t<\/div>\n\t\t\t\t<\/div>\n\t\t\t\t<div class=\"elementor-element elementor-element-54c2c62 elementor-widget elementor-widget-text-editor\" data-id=\"54c2c62\" data-element_type=\"widget\" data-e-type=\"widget\" data-widget_type=\"text-editor.default\">\n\t\t\t\t<div class=\"elementor-widget-container\">\n\t\t\t\t\t\t\t\t\t<p><span style=\"font-weight: 400;\">Masz prawo do:\u00a0<\/span><\/p><ol><li style=\"font-weight: 400;\" aria-level=\"1\"><span style=\"font-weight: 400;\">\u017c\u0105dania dost\u0119pu do swoich danych;\u00a0<\/span><\/li><li style=\"font-weight: 400;\" aria-level=\"1\"><span style=\"font-weight: 400;\">poproszenia nas o sprostowanie informacji;\u00a0<\/span><\/li><li style=\"font-weight: 400;\" aria-level=\"1\"><span style=\"font-weight: 400;\">withdraw your\/parental consent which is not affecting the lawfulness of the processing based on the consent before its withdrawal;<\/span><\/li><li style=\"font-weight: 400;\" aria-level=\"1\"><span style=\"font-weight: 400;\">request the deletion of your account and data <a href=\"https:\/\/learn.up2digischool.eu\/admin\/tool\/dataprivacy\/createdatarequest.php?type=2\">here<\/a>.<\/span><\/li><\/ol><p><span style=\"font-weight: 400;\">Z praw tych mo\u017cna skorzysta\u0107 kontaktuj\u0105c si\u0119 z dowolnym z punkt\u00f3w kontaktowych wymienionych w sekcji \u201eAdministrator danych\u201d. <\/span><span style=\"font-weight: 400;\">Dodatkowo masz prawo wnie\u015b\u0107 skarg\u0119 do organu nadzorczego z dowolnego z kraj\u00f3w wymienionych w sekcji \u201eAdministrator danych\u201d.<\/span><\/p>\t\t\t\t\t\t\t\t<\/div>\n\t\t\t\t<\/div>\n\t\t\t\t<div class=\"elementor-element elementor-element-7273662 elementor-widget elementor-widget-heading\" data-id=\"7273662\" data-element_type=\"widget\" data-e-type=\"widget\" data-widget_type=\"heading.default\">\n\t\t\t\t<div class=\"elementor-widget-container\">\n\t\t\t\t\t<h2 class=\"elementor-heading-title elementor-size-default\">Aktualizacje Polityki Prywatno\u015bci<\/h2>\t\t\t\t<\/div>\n\t\t\t\t<\/div>\n\t\t\t\t<div class=\"elementor-element elementor-element-4c1f96d elementor-widget elementor-widget-text-editor\" data-id=\"4c1f96d\" data-element_type=\"widget\" data-e-type=\"widget\" data-widget_type=\"text-editor.default\">\n\t\t\t\t<div class=\"elementor-widget-container\">\n\t\t\t\t\t\t\t\t\t<p><span style=\"font-weight: 400;\">Niniejsza Polityka Prywatno\u015bci mo\u017ce by\u0107 okresowo przegl\u0105dana i aktualizowana \u2013 w takim przypadku Polityka Prywatno\u015bci b\u0119dzie oznaczona jako \u201eZmieniona (data)\u201d. Pierwotna wersja niniejszego zawiadomienia zosta\u0142a utworzona w lutym 2022 r.<\/span><\/p>\t\t\t\t\t\t\t\t<\/div>\n\t\t\t\t<\/div>\n\t\t\t\t\t<\/div>\n\t\t\t\t<\/div>\n\t\t\t\t\t<\/div>\n\t\t\t\t<\/div>\n\t\t\t\t<\/div>","protected":false},"excerpt":{"rendered":"<p>Privacy Policy Description of the Up2DigiSchool project The international Up2DigiSchool project \u2013 \u201cA viable pedagogical approach for digital school education based on the experience of Up2U\u201d \u2013 is funded with the ERASMUS+ Programme agreement number 2021-1-PL01-KA220-SCH-000027868. The project is executed between February 2022 and February 2025.The project delivers web applications (such as a learning scenarios &hellip;<\/p>\n<p class=\"read-more\"> <a class=\"\" href=\"https:\/\/up2digischool.eu\/pl\/privacy-policy\/\"> <span class=\"screen-reader-text\">Privacy policy<\/span> Read More &raquo;<\/a><\/p>","protected":false},"author":1,"featured_media":0,"parent":0,"menu_order":0,"comment_status":"closed","ping_status":"closed","template":"","meta":{"inline_featured_image":false,"site-sidebar-layout":"no-sidebar","site-content-layout":"page-builder","ast-main-header-display":"","ast-hfb-above-header-display":"","ast-hfb-below-header-display":"","ast-hfb-mobile-header-display":"","site-post-title":"disabled","ast-breadcrumbs-content":"","ast-featured-img":"disabled","footer-sml-layout":"","theme-transparent-header-meta":"","adv-header-id-meta":"","stick-header-meta":"","header-above-stick-meta":"","header-main-stick-meta":"","header-below-stick-meta":"","_jf_limit_responses":"","footnotes":""},"class_list":["post-329","page","type-page","status-publish","hentry"],"_links":{"self":[{"href":"https:\/\/up2digischool.eu\/pl\/wp-json\/wp\/v2\/pages\/329","targetHints":{"allow":["GET"]}}],"collection":[{"href":"https:\/\/up2digischool.eu\/pl\/wp-json\/wp\/v2\/pages"}],"about":[{"href":"https:\/\/up2digischool.eu\/pl\/wp-json\/wp\/v2\/types\/page"}],"author":[{"embeddable":true,"href":"https:\/\/up2digischool.eu\/pl\/wp-json\/wp\/v2\/users\/1"}],"replies":[{"embeddable":true,"href":"https:\/\/up2digischool.eu\/pl\/wp-json\/wp\/v2\/comments?post=329"}],"version-history":[{"count":50,"href":"https:\/\/up2digischool.eu\/pl\/wp-json\/wp\/v2\/pages\/329\/revisions"}],"predecessor-version":[{"id":3131,"href":"https:\/\/up2digischool.eu\/pl\/wp-json\/wp\/v2\/pages\/329\/revisions\/3131"}],"wp:attachment":[{"href":"https:\/\/up2digischool.eu\/pl\/wp-json\/wp\/v2\/media?parent=329"}],"curies":[{"name":"wp","href":"https:\/\/api.w.org\/{rel}","templated":true}]}}