{"id":310,"date":"2022-02-28T10:07:00","date_gmt":"2022-02-28T09:07:00","guid":{"rendered":"https:\/\/up2digischool.eu\/?page_id=310"},"modified":"2025-06-26T09:27:22","modified_gmt":"2025-06-26T07:27:22","slug":"partners","status":"publish","type":"page","link":"https:\/\/up2digischool.eu\/lt\/partners\/","title":{"rendered":"Partners"},"content":{"rendered":"<div data-elementor-type=\"wp-page\" data-elementor-id=\"310\" class=\"elementor elementor-310\" data-elementor-post-type=\"page\">\n\t\t\t\t<div class=\"elementor-element elementor-element-1f32c27 e-con-full e-flex e-con e-parent\" data-id=\"1f32c27\" data-element_type=\"container\" data-e-type=\"container\" data-settings=\"{&quot;jet_parallax_layout_list&quot;:[],&quot;background_background&quot;:&quot;classic&quot;}\">\n\t\t\t\t<div class=\"elementor-element elementor-element-32f73ae elementor-widget elementor-widget-heading\" data-id=\"32f73ae\" data-element_type=\"widget\" data-e-type=\"widget\" data-widget_type=\"heading.default\">\n\t\t\t\t<div class=\"elementor-widget-container\">\n\t\t\t\t\t<h1 class=\"elementor-heading-title elementor-size-default translation-block\">Projekto partneriai<\/h1>\t\t\t\t<\/div>\n\t\t\t\t<\/div>\n\t\t\t\t<\/div>\n\t\t<div class=\"elementor-element elementor-element-c1e3168 e-con-full e-flex e-con e-parent\" data-id=\"c1e3168\" data-element_type=\"container\" data-e-type=\"container\" data-settings=\"{&quot;jet_parallax_layout_list&quot;:[]}\">\n\t\t\t\t<div class=\"elementor-element elementor-element-2aa6e8b elementor-widget__width-inherit elementor-widget elementor-widget-heading\" data-id=\"2aa6e8b\" data-element_type=\"widget\" data-e-type=\"widget\" data-widget_type=\"heading.default\">\n\t\t\t\t<div class=\"elementor-widget-container\">\n\t\t\t\t\t<h2 class=\"elementor-heading-title elementor-size-default\">Projekto koordinatorius<\/h2>\t\t\t\t<\/div>\n\t\t\t\t<\/div>\n\t\t\t\t<div class=\"elementor-element elementor-element-4034883 elementor-widget elementor-widget-spacer\" data-id=\"4034883\" data-element_type=\"widget\" data-e-type=\"widget\" data-widget_type=\"spacer.default\">\n\t\t\t\t<div class=\"elementor-widget-container\">\n\t\t\t\t\t\t\t<div class=\"elementor-spacer\">\n\t\t\t<div class=\"elementor-spacer-inner\"><\/div>\n\t\t<\/div>\n\t\t\t\t\t\t<\/div>\n\t\t\t\t<\/div>\n\t\t<div class=\"elementor-element elementor-element-ec66517 e-con-full e-flex e-con e-child\" data-id=\"ec66517\" data-element_type=\"container\" data-e-type=\"container\" data-settings=\"{&quot;jet_parallax_layout_list&quot;:[]}\">\n\t\t<div class=\"elementor-element elementor-element-b6a7345 e-con-full e-flex e-con e-child\" data-id=\"b6a7345\" data-element_type=\"container\" data-e-type=\"container\" data-settings=\"{&quot;jet_parallax_layout_list&quot;:[]}\">\n\t\t\t\t<div class=\"elementor-element elementor-element-a3015e5 elementor-widget elementor-widget-image\" data-id=\"a3015e5\" data-element_type=\"widget\" data-e-type=\"widget\" data-widget_type=\"image.default\">\n\t\t\t\t<div class=\"elementor-widget-container\">\n\t\t\t\t\t\t\t\t\t\t\t\t\t\t\t\t<a href=\"https:\/\/www.psnc.pl\/\">\n\t\t\t\t\t\t\t<img fetchpriority=\"high\" decoding=\"async\" width=\"691\" height=\"253\" src=\"https:\/\/up2digischool.eu\/wp-content\/uploads\/2025\/06\/PCSS_icon_black_.svg\" class=\"attachment-full size-full wp-image-3113\" alt=\"\" \/>\t\t\t\t\t\t\t\t<\/a>\n\t\t\t\t\t\t\t\t\t\t\t\t\t\t\t<\/div>\n\t\t\t\t<\/div>\n\t\t\t\t<\/div>\n\t\t<div class=\"elementor-element elementor-element-58988e5 e-con-full e-flex e-con e-child\" data-id=\"58988e5\" data-element_type=\"container\" data-e-type=\"container\" data-settings=\"{&quot;jet_parallax_layout_list&quot;:[]}\">\n\t\t\t\t<div class=\"elementor-element elementor-element-4d420f6 elementor-widget elementor-widget-heading\" data-id=\"4d420f6\" data-element_type=\"widget\" data-e-type=\"widget\" data-widget_type=\"heading.default\">\n\t\t\t\t<div class=\"elementor-widget-container\">\n\t\t\t\t\t<h3 class=\"elementor-heading-title elementor-size-default\">Poznan\u0117s superkompiuteri\u0173 ir tinkl\u0173 centras<\/h3>\t\t\t\t<\/div>\n\t\t\t\t<\/div>\n\t\t\t\t<div class=\"elementor-element elementor-element-4315c50 elementor-widget elementor-widget-heading\" data-id=\"4315c50\" data-element_type=\"widget\" data-e-type=\"widget\" data-widget_type=\"heading.default\">\n\t\t\t\t<div class=\"elementor-widget-container\">\n\t\t\t\t\t<p class=\"elementor-heading-title elementor-size-default\">Poznan\u0117s superkompiuteri\u0173 ir tinkl\u0173 centras, priklausantis PAS Bioorganin\u0117s chemijos institutui, yra pasauliniu mastu reik\u0161mingas IRT technologij\u0173 tyrim\u0173 ir pl\u0117tros centras bei informacin\u0117s infrastrukt\u016bros tyrim\u0173 erdv\u0117.<\/p>\t\t\t\t<\/div>\n\t\t\t\t<\/div>\n\t\t\t\t<div class=\"elementor-element elementor-element-08e57e1 elementor-widget elementor-widget-heading\" data-id=\"08e57e1\" data-element_type=\"widget\" data-e-type=\"widget\" data-widget_type=\"heading.default\">\n\t\t\t\t<div class=\"elementor-widget-container\">\n\t\t\t\t\t<p class=\"elementor-heading-title elementor-size-default\">Jis rinkoje veikia nuo 1993 m. ir bendradarbiauja su 1000 subjekt\u0173 i\u0161 60 \u0161ali\u0173. Be socialini\u0173 inovacij\u0173 ir skaitmenin\u0117s ekonomikos, PSNC u\u017esiima mokslu ir turi didel\u0119 patirt\u012f \u012fgyvendinant nacionalinius ir tarptautinius edukacinius projektus.<\/p>\t\t\t\t<\/div>\n\t\t\t\t<\/div>\n\t\t\t\t<\/div>\n\t\t\t\t<\/div>\n\t\t\t\t<\/div>\n\t\t\t\t<section class=\"elementor-section elementor-top-section elementor-element elementor-element-6382fe0 elementor-section-full_width elementor-section-height-default elementor-section-height-default\" data-id=\"6382fe0\" data-element_type=\"section\" data-e-type=\"section\" data-settings=\"{&quot;jet_parallax_layout_list&quot;:[]}\">\n\t\t\t\t\t\t<div class=\"elementor-container elementor-column-gap-no\">\n\t\t\t\t\t<div class=\"elementor-column elementor-col-100 elementor-top-column elementor-element elementor-element-6550a951\" data-id=\"6550a951\" data-element_type=\"column\" data-e-type=\"column\">\n\t\t\t<div class=\"elementor-widget-wrap elementor-element-populated\">\n\t\t\t\t\t\t<div class=\"elementor-element elementor-element-56d28481 elementor-widget elementor-widget-heading\" data-id=\"56d28481\" data-element_type=\"widget\" data-e-type=\"widget\" data-widget_type=\"heading.default\">\n\t\t\t\t<div class=\"elementor-widget-container\">\n\t\t\t\t\t<h2 class=\"elementor-heading-title elementor-size-default\">Projekto partneriai<\/h2>\t\t\t\t<\/div>\n\t\t\t\t<\/div>\n\t\t\t\t<div class=\"elementor-element elementor-element-405224f4 elementor-widget elementor-widget-spacer\" data-id=\"405224f4\" data-element_type=\"widget\" data-e-type=\"widget\" data-widget_type=\"spacer.default\">\n\t\t\t\t<div class=\"elementor-widget-container\">\n\t\t\t\t\t\t\t<div class=\"elementor-spacer\">\n\t\t\t<div class=\"elementor-spacer-inner\"><\/div>\n\t\t<\/div>\n\t\t\t\t\t\t<\/div>\n\t\t\t\t<\/div>\n\t\t\t\t<section class=\"elementor-section elementor-inner-section elementor-element elementor-element-37ed2147 elementor-section-boxed elementor-section-height-default elementor-section-height-default\" data-id=\"37ed2147\" data-element_type=\"section\" data-e-type=\"section\" data-settings=\"{&quot;jet_parallax_layout_list&quot;:[]}\">\n\t\t\t\t\t\t<div class=\"elementor-container elementor-column-gap-default\">\n\t\t\t\t\t<div class=\"elementor-column elementor-col-33 elementor-inner-column elementor-element elementor-element-36ebdd5a\" data-id=\"36ebdd5a\" data-element_type=\"column\" data-e-type=\"column\">\n\t\t\t<div class=\"elementor-widget-wrap elementor-element-populated\">\n\t\t\t\t\t\t<div class=\"elementor-element elementor-element-5707b31f elementor-widget elementor-widget-image\" data-id=\"5707b31f\" data-element_type=\"widget\" data-e-type=\"widget\" data-widget_type=\"image.default\">\n\t\t\t\t<div class=\"elementor-widget-container\">\n\t\t\t\t\t\t\t\t\t\t\t\t\t\t\t\t<a href=\"https:\/\/www.ntua.gr\/en\/\">\n\t\t\t\t\t\t\t<img decoding=\"async\" width=\"173\" height=\"78\" src=\"https:\/\/up2digischool.eu\/wp-content\/uploads\/2022\/02\/NTUA-1.png\" class=\"attachment-large size-large wp-image-302\" alt=\"National Technical University of Athens logotype\" srcset=\"https:\/\/up2digischool.eu\/wp-content\/uploads\/2022\/02\/NTUA-1.png 173w, https:\/\/up2digischool.eu\/wp-content\/uploads\/2022\/02\/NTUA-1-50x23.png 50w, https:\/\/up2digischool.eu\/wp-content\/uploads\/2022\/02\/NTUA-1-100x45.png 100w\" sizes=\"(max-width: 173px) 100vw, 173px\" \/>\t\t\t\t\t\t\t\t<\/a>\n\t\t\t\t\t\t\t\t\t\t\t\t\t\t\t<\/div>\n\t\t\t\t<\/div>\n\t\t\t\t\t<\/div>\n\t\t<\/div>\n\t\t\t\t<div class=\"elementor-column elementor-col-33 elementor-inner-column elementor-element elementor-element-7b601c39\" data-id=\"7b601c39\" data-element_type=\"column\" data-e-type=\"column\">\n\t\t\t<div class=\"elementor-widget-wrap elementor-element-populated\">\n\t\t\t\t\t\t<div class=\"elementor-element elementor-element-49d05abc elementor-widget elementor-widget-image\" data-id=\"49d05abc\" data-element_type=\"widget\" data-e-type=\"widget\" data-widget_type=\"image.default\">\n\t\t\t\t<div class=\"elementor-widget-container\">\n\t\t\t\t\t\t\t\t\t\t\t\t\t\t\t\t<a href=\"https:\/\/www.uniroma1.it\/en\/pagina-strutturale\/home\">\n\t\t\t\t\t\t\t<img decoding=\"async\" width=\"214\" height=\"75\" src=\"https:\/\/up2digischool.eu\/wp-content\/uploads\/2022\/02\/kisspng-sapienza-university-of-rome-logo-brand-font-transp-5be1f49981afd7-1.png\" class=\"attachment-large size-large wp-image-300\" alt=\"Sapienza University of Rome logotype\" srcset=\"https:\/\/up2digischool.eu\/wp-content\/uploads\/2022\/02\/kisspng-sapienza-university-of-rome-logo-brand-font-transp-5be1f49981afd7-1.png 214w, https:\/\/up2digischool.eu\/wp-content\/uploads\/2022\/02\/kisspng-sapienza-university-of-rome-logo-brand-font-transp-5be1f49981afd7-1-50x18.png 50w, https:\/\/up2digischool.eu\/wp-content\/uploads\/2022\/02\/kisspng-sapienza-university-of-rome-logo-brand-font-transp-5be1f49981afd7-1-100x35.png 100w\" sizes=\"(max-width: 214px) 100vw, 214px\" \/>\t\t\t\t\t\t\t\t<\/a>\n\t\t\t\t\t\t\t\t\t\t\t\t\t\t\t<\/div>\n\t\t\t\t<\/div>\n\t\t\t\t\t<\/div>\n\t\t<\/div>\n\t\t\t\t<div class=\"elementor-column elementor-col-33 elementor-inner-column elementor-element elementor-element-523c673d\" data-id=\"523c673d\" data-element_type=\"column\" data-e-type=\"column\">\n\t\t\t<div class=\"elementor-widget-wrap elementor-element-populated\">\n\t\t\t\t\t\t<div class=\"elementor-element elementor-element-49fc9f86 elementor-widget elementor-widget-image\" data-id=\"49fc9f86\" data-element_type=\"widget\" data-e-type=\"widget\" data-widget_type=\"image.default\">\n\t\t\t\t<div class=\"elementor-widget-container\">\n\t\t\t\t\t\t\t\t\t\t\t\t\t\t\t\t<a href=\"https:\/\/en.ktu.edu\/\">\n\t\t\t\t\t\t\t<img loading=\"lazy\" decoding=\"async\" width=\"130\" height=\"70\" src=\"https:\/\/up2digischool.eu\/wp-content\/uploads\/2022\/02\/Kaunas_University_of_Technology_logo-2.png\" class=\"attachment-large size-large wp-image-304\" alt=\"Kaunas District Education Center logotype\" srcset=\"https:\/\/up2digischool.eu\/wp-content\/uploads\/2022\/02\/Kaunas_University_of_Technology_logo-2.png 130w, https:\/\/up2digischool.eu\/wp-content\/uploads\/2022\/02\/Kaunas_University_of_Technology_logo-2-50x27.png 50w, https:\/\/up2digischool.eu\/wp-content\/uploads\/2022\/02\/Kaunas_University_of_Technology_logo-2-100x54.png 100w\" sizes=\"(max-width: 130px) 100vw, 130px\" \/>\t\t\t\t\t\t\t\t<\/a>\n\t\t\t\t\t\t\t\t\t\t\t\t\t\t\t<\/div>\n\t\t\t\t<\/div>\n\t\t\t\t\t<\/div>\n\t\t<\/div>\n\t\t\t\t\t<\/div>\n\t\t<\/section>\n\t\t\t\t<div class=\"elementor-element elementor-element-a933229 elementor-widget elementor-widget-spacer\" data-id=\"a933229\" data-element_type=\"widget\" data-e-type=\"widget\" data-widget_type=\"spacer.default\">\n\t\t\t\t<div class=\"elementor-widget-container\">\n\t\t\t\t\t\t\t<div class=\"elementor-spacer\">\n\t\t\t<div class=\"elementor-spacer-inner\"><\/div>\n\t\t<\/div>\n\t\t\t\t\t\t<\/div>\n\t\t\t\t<\/div>\n\t\t\t\t<section class=\"elementor-section elementor-inner-section elementor-element elementor-element-73231002 elementor-section-content-middle elementor-section-boxed elementor-section-height-default elementor-section-height-default\" data-id=\"73231002\" data-element_type=\"section\" data-e-type=\"section\" data-settings=\"{&quot;jet_parallax_layout_list&quot;:[]}\">\n\t\t\t\t\t\t<div class=\"elementor-container elementor-column-gap-default\">\n\t\t\t\t\t<div class=\"elementor-column elementor-col-33 elementor-inner-column elementor-element elementor-element-7519e54f\" data-id=\"7519e54f\" data-element_type=\"column\" data-e-type=\"column\">\n\t\t\t<div class=\"elementor-widget-wrap elementor-element-populated\">\n\t\t\t\t\t\t<div class=\"elementor-element elementor-element-1f20e033 elementor-widget elementor-widget-image\" data-id=\"1f20e033\" data-element_type=\"widget\" data-e-type=\"widget\" data-widget_type=\"image.default\">\n\t\t\t\t<div class=\"elementor-widget-container\">\n\t\t\t\t\t\t\t\t\t\t\t\t\t\t\t\t<a href=\"http:\/\/www.centras.krs.lt\/\">\n\t\t\t\t\t\t\t<img loading=\"lazy\" decoding=\"async\" width=\"215\" height=\"60\" src=\"https:\/\/up2digischool.eu\/wp-content\/uploads\/2022\/02\/logo-5.png\" class=\"attachment-large size-large wp-image-301\" alt=\"Kaunas District Education Center logotype\" srcset=\"https:\/\/up2digischool.eu\/wp-content\/uploads\/2022\/02\/logo-5.png 215w, https:\/\/up2digischool.eu\/wp-content\/uploads\/2022\/02\/logo-5-50x14.png 50w, https:\/\/up2digischool.eu\/wp-content\/uploads\/2022\/02\/logo-5-100x28.png 100w\" sizes=\"(max-width: 215px) 100vw, 215px\" \/>\t\t\t\t\t\t\t\t<\/a>\n\t\t\t\t\t\t\t\t\t\t\t\t\t\t\t<\/div>\n\t\t\t\t<\/div>\n\t\t\t\t\t<\/div>\n\t\t<\/div>\n\t\t\t\t<div class=\"elementor-column elementor-col-33 elementor-inner-column elementor-element elementor-element-55a61bf6\" data-id=\"55a61bf6\" data-element_type=\"column\" data-e-type=\"column\">\n\t\t\t<div class=\"elementor-widget-wrap elementor-element-populated\">\n\t\t\t\t\t\t<div class=\"elementor-element elementor-element-4d22dd4 elementor-widget elementor-widget-image\" data-id=\"4d22dd4\" data-element_type=\"widget\" data-e-type=\"widget\" data-widget_type=\"image.default\">\n\t\t\t\t<div class=\"elementor-widget-container\">\n\t\t\t\t\t\t\t\t\t\t\t\t\t\t\t\t<a href=\"https:\/\/www.ea.gr\/ea\/index.asp?lag=en\">\n\t\t\t\t\t\t\t<img loading=\"lazy\" decoding=\"async\" width=\"337\" height=\"149\" src=\"https:\/\/up2digischool.eu\/wp-content\/uploads\/2024\/02\/\u03b1\u03c1\u03c7\u03b5\u03af\u03bf-\u03bb\u03ae\u03c8\u03b7\u03c2.png\" class=\"attachment-large size-large wp-image-2456\" alt=\"\" srcset=\"https:\/\/up2digischool.eu\/wp-content\/uploads\/2024\/02\/\u03b1\u03c1\u03c7\u03b5\u03af\u03bf-\u03bb\u03ae\u03c8\u03b7\u03c2.png 337w, https:\/\/up2digischool.eu\/wp-content\/uploads\/2024\/02\/\u03b1\u03c1\u03c7\u03b5\u03af\u03bf-\u03bb\u03ae\u03c8\u03b7\u03c2-300x133.png 300w, https:\/\/up2digischool.eu\/wp-content\/uploads\/2024\/02\/\u03b1\u03c1\u03c7\u03b5\u03af\u03bf-\u03bb\u03ae\u03c8\u03b7\u03c2-18x8.png 18w\" sizes=\"(max-width: 337px) 100vw, 337px\" \/>\t\t\t\t\t\t\t\t<\/a>\n\t\t\t\t\t\t\t\t\t\t\t\t\t\t\t<\/div>\n\t\t\t\t<\/div>\n\t\t\t\t\t<\/div>\n\t\t<\/div>\n\t\t\t\t<div class=\"elementor-column elementor-col-33 elementor-inner-column elementor-element elementor-element-4a5a0cac\" data-id=\"4a5a0cac\" data-element_type=\"column\" data-e-type=\"column\">\n\t\t\t<div class=\"elementor-widget-wrap elementor-element-populated\">\n\t\t\t\t\t\t\t<\/div>\n\t\t<\/div>\n\t\t\t\t\t<\/div>\n\t\t<\/section>\n\t\t\t\t\t<\/div>\n\t\t<\/div>\n\t\t\t\t\t<\/div>\n\t\t<\/section>\n\t\t\t\t<section class=\"elementor-section elementor-top-section elementor-element elementor-element-12b4b125 elementor-section-boxed elementor-section-height-default elementor-section-height-default\" data-id=\"12b4b125\" data-element_type=\"section\" data-e-type=\"section\" data-settings=\"{&quot;jet_parallax_layout_list&quot;:[]}\">\n\t\t\t\t\t\t<div class=\"elementor-container elementor-column-gap-default\">\n\t\t\t\t\t<div class=\"elementor-column elementor-col-100 elementor-top-column elementor-element elementor-element-4a7c6f9e\" data-id=\"4a7c6f9e\" data-element_type=\"column\" data-e-type=\"column\">\n\t\t\t<div class=\"elementor-widget-wrap elementor-element-populated\">\n\t\t\t\t\t\t<div class=\"elementor-element elementor-element-cf94df2 elementor-widget elementor-widget-spacer\" data-id=\"cf94df2\" data-element_type=\"widget\" data-e-type=\"widget\" data-widget_type=\"spacer.default\">\n\t\t\t\t<div class=\"elementor-widget-container\">\n\t\t\t\t\t\t\t<div class=\"elementor-spacer\">\n\t\t\t<div class=\"elementor-spacer-inner\"><\/div>\n\t\t<\/div>\n\t\t\t\t\t\t<\/div>\n\t\t\t\t<\/div>\n\t\t\t\t\t<\/div>\n\t\t<\/div>\n\t\t\t\t\t<\/div>\n\t\t<\/section>\n\t\t\t\t<section class=\"elementor-section elementor-top-section elementor-element elementor-element-56a53c79 elementor-section-full_width elementor-section-height-default elementor-section-height-default\" data-id=\"56a53c79\" data-element_type=\"section\" data-e-type=\"section\" data-settings=\"{&quot;jet_parallax_layout_list&quot;:[]}\">\n\t\t\t\t\t\t<div class=\"elementor-container elementor-column-gap-no\">\n\t\t\t\t\t<div class=\"elementor-column elementor-col-100 elementor-top-column elementor-element elementor-element-51220512\" data-id=\"51220512\" data-element_type=\"column\" data-e-type=\"column\">\n\t\t\t<div class=\"elementor-widget-wrap elementor-element-populated\">\n\t\t\t\t\t\t<div class=\"elementor-element elementor-element-1f556f58 elementor-widget elementor-widget-heading\" data-id=\"1f556f58\" data-element_type=\"widget\" data-e-type=\"widget\" data-widget_type=\"heading.default\">\n\t\t\t\t<div class=\"elementor-widget-container\">\n\t\t\t\t\t<h2 class=\"elementor-heading-title elementor-size-default\">Susij\u0119 partneriai<\/h2>\t\t\t\t<\/div>\n\t\t\t\t<\/div>\n\t\t\t\t<div class=\"elementor-element elementor-element-4954625 elementor-widget elementor-widget-spacer\" data-id=\"4954625\" data-element_type=\"widget\" data-e-type=\"widget\" data-widget_type=\"spacer.default\">\n\t\t\t\t<div class=\"elementor-widget-container\">\n\t\t\t\t\t\t\t<div class=\"elementor-spacer\">\n\t\t\t<div class=\"elementor-spacer-inner\"><\/div>\n\t\t<\/div>\n\t\t\t\t\t\t<\/div>\n\t\t\t\t<\/div>\n\t\t\t\t<section class=\"elementor-section elementor-inner-section elementor-element elementor-element-42ecaa16 elementor-section-content-middle elementor-section-boxed elementor-section-height-default elementor-section-height-default\" data-id=\"42ecaa16\" data-element_type=\"section\" data-e-type=\"section\" data-settings=\"{&quot;jet_parallax_layout_list&quot;:[]}\">\n\t\t\t\t\t\t<div class=\"elementor-container elementor-column-gap-no\">\n\t\t\t\t\t<div class=\"elementor-column elementor-col-33 elementor-inner-column elementor-element elementor-element-3a80e990\" data-id=\"3a80e990\" data-element_type=\"column\" data-e-type=\"column\">\n\t\t\t<div class=\"elementor-widget-wrap elementor-element-populated\">\n\t\t\t\t\t\t<div class=\"elementor-element elementor-element-283d3acf elementor-widget elementor-widget-image\" data-id=\"283d3acf\" data-element_type=\"widget\" data-e-type=\"widget\" data-widget_type=\"image.default\">\n\t\t\t\t<div class=\"elementor-widget-container\">\n\t\t\t\t\t\t\t\t\t\t\t\t\t\t\t\t<a href=\"https:\/\/geant.org\/\">\n\t\t\t\t\t\t\t<img loading=\"lazy\" decoding=\"async\" width=\"725\" height=\"344\" src=\"https:\/\/up2digischool.eu\/wp-content\/uploads\/2022\/03\/GEANT_logo_hi_res-scaled-removebg-preview.png\" class=\"attachment-full size-full wp-image-949\" alt=\"Geant logotype\" srcset=\"https:\/\/up2digischool.eu\/wp-content\/uploads\/2022\/03\/GEANT_logo_hi_res-scaled-removebg-preview.png 725w, https:\/\/up2digischool.eu\/wp-content\/uploads\/2022\/03\/GEANT_logo_hi_res-scaled-removebg-preview-300x142.png 300w, https:\/\/up2digischool.eu\/wp-content\/uploads\/2022\/03\/GEANT_logo_hi_res-scaled-removebg-preview-50x24.png 50w, https:\/\/up2digischool.eu\/wp-content\/uploads\/2022\/03\/GEANT_logo_hi_res-scaled-removebg-preview-100x47.png 100w\" sizes=\"(max-width: 725px) 100vw, 725px\" \/>\t\t\t\t\t\t\t\t<\/a>\n\t\t\t\t\t\t\t\t\t\t\t\t\t\t\t<\/div>\n\t\t\t\t<\/div>\n\t\t\t\t\t<\/div>\n\t\t<\/div>\n\t\t\t\t<div class=\"elementor-column elementor-col-33 elementor-inner-column elementor-element elementor-element-70c4b54d\" data-id=\"70c4b54d\" data-element_type=\"column\" data-e-type=\"column\">\n\t\t\t<div class=\"elementor-widget-wrap elementor-element-populated\">\n\t\t\t\t\t\t<div class=\"elementor-element elementor-element-97a64a9 elementor-widget elementor-widget-image\" data-id=\"97a64a9\" data-element_type=\"widget\" data-e-type=\"widget\" data-widget_type=\"image.default\">\n\t\t\t\t<div class=\"elementor-widget-container\">\n\t\t\t\t\t\t\t\t\t\t\t\t\t\t\t<img loading=\"lazy\" decoding=\"async\" width=\"300\" height=\"284\" src=\"https:\/\/up2digischool.eu\/wp-content\/uploads\/2022\/03\/logo-1-300x284.png\" class=\"attachment-medium size-medium wp-image-684\" alt=\"K. Nowak Primary School in D\u0105br\u00f3wka logotype\" srcset=\"https:\/\/up2digischool.eu\/wp-content\/uploads\/2022\/03\/logo-1-300x284.png 300w, https:\/\/up2digischool.eu\/wp-content\/uploads\/2022\/03\/logo-1-50x47.png 50w, https:\/\/up2digischool.eu\/wp-content\/uploads\/2022\/03\/logo-1-100x95.png 100w, https:\/\/up2digischool.eu\/wp-content\/uploads\/2022\/03\/logo-1.png 460w\" sizes=\"(max-width: 300px) 100vw, 300px\" \/>\t\t\t\t\t\t\t\t\t\t\t\t\t\t\t<\/div>\n\t\t\t\t<\/div>\n\t\t\t\t\t<\/div>\n\t\t<\/div>\n\t\t\t\t<div class=\"elementor-column elementor-col-33 elementor-inner-column elementor-element elementor-element-2bd82c68\" data-id=\"2bd82c68\" data-element_type=\"column\" data-e-type=\"column\">\n\t\t\t<div class=\"elementor-widget-wrap\">\n\t\t\t\t\t\t\t<\/div>\n\t\t<\/div>\n\t\t\t\t\t<\/div>\n\t\t<\/section>\n\t\t\t\t\t<\/div>\n\t\t<\/div>\n\t\t\t\t\t<\/div>\n\t\t<\/section>\n\t\t\t\t<section class=\"elementor-section elementor-top-section elementor-element elementor-element-cf121cb elementor-section-boxed elementor-section-height-default elementor-section-height-default\" data-id=\"cf121cb\" data-element_type=\"section\" data-e-type=\"section\" data-settings=\"{&quot;jet_parallax_layout_list&quot;:[]}\">\n\t\t\t\t\t\t<div class=\"elementor-container elementor-column-gap-default\">\n\t\t\t\t\t<div class=\"elementor-column elementor-col-100 elementor-top-column elementor-element elementor-element-b11fa64\" data-id=\"b11fa64\" data-element_type=\"column\" data-e-type=\"column\">\n\t\t\t<div class=\"elementor-widget-wrap elementor-element-populated\">\n\t\t\t\t\t\t<div class=\"elementor-element elementor-element-105096b elementor-widget elementor-widget-spacer\" data-id=\"105096b\" data-element_type=\"widget\" data-e-type=\"widget\" data-widget_type=\"spacer.default\">\n\t\t\t\t<div class=\"elementor-widget-container\">\n\t\t\t\t\t\t\t<div class=\"elementor-spacer\">\n\t\t\t<div class=\"elementor-spacer-inner\"><\/div>\n\t\t<\/div>\n\t\t\t\t\t\t<\/div>\n\t\t\t\t<\/div>\n\t\t\t\t\t<\/div>\n\t\t<\/div>\n\t\t\t\t\t<\/div>\n\t\t<\/section>\n\t\t\t\t<\/div>","protected":false},"excerpt":{"rendered":"<p>Partners of the project Project coordinator Pozna\u0144 Supercomputing and Networking Center Pozna\u0144 Supercomputing and Networking Center affiliated to the Institute of Bioorganic Chemistry of the PAS, it is a globally significant research and development center for ICT technologies and a research space for information infrastructure. It has been on the market since 1993 and cooperates &hellip;<\/p>\n<p class=\"read-more\"> <a class=\"\" href=\"https:\/\/up2digischool.eu\/lt\/partners\/\"> <span class=\"screen-reader-text\">Partners<\/span> Skaityti daugiau &raquo;<\/a><\/p>","protected":false},"author":1,"featured_media":0,"parent":0,"menu_order":0,"comment_status":"closed","ping_status":"closed","template":"","meta":{"inline_featured_image":false,"site-sidebar-layout":"no-sidebar","site-content-layout":"page-builder","ast-main-header-display":"","ast-hfb-above-header-display":"","ast-hfb-below-header-display":"","ast-hfb-mobile-header-display":"","site-post-title":"disabled","ast-breadcrumbs-content":"","ast-featured-img":"disabled","footer-sml-layout":"","theme-transparent-header-meta":"","adv-header-id-meta":"","stick-header-meta":"","header-above-stick-meta":"","header-main-stick-meta":"","header-below-stick-meta":"","_jf_limit_responses":"","footnotes":""},"class_list":["post-310","page","type-page","status-publish","hentry"],"_links":{"self":[{"href":"https:\/\/up2digischool.eu\/lt\/wp-json\/wp\/v2\/pages\/310","targetHints":{"allow":["GET"]}}],"collection":[{"href":"https:\/\/up2digischool.eu\/lt\/wp-json\/wp\/v2\/pages"}],"about":[{"href":"https:\/\/up2digischool.eu\/lt\/wp-json\/wp\/v2\/types\/page"}],"author":[{"embeddable":true,"href":"https:\/\/up2digischool.eu\/lt\/wp-json\/wp\/v2\/users\/1"}],"replies":[{"embeddable":true,"href":"https:\/\/up2digischool.eu\/lt\/wp-json\/wp\/v2\/comments?post=310"}],"version-history":[{"count":106,"href":"https:\/\/up2digischool.eu\/lt\/wp-json\/wp\/v2\/pages\/310\/revisions"}],"predecessor-version":[{"id":3119,"href":"https:\/\/up2digischool.eu\/lt\/wp-json\/wp\/v2\/pages\/310\/revisions\/3119"}],"wp:attachment":[{"href":"https:\/\/up2digischool.eu\/lt\/wp-json\/wp\/v2\/media?parent=310"}],"curies":[{"name":"wp","href":"https:\/\/api.w.org\/{rel}","templated":true}]}}